{"id":911,"date":"2024-04-22T15:35:11","date_gmt":"2024-04-22T19:35:11","guid":{"rendered":"https:\/\/flyscan.com\/careers\/"},"modified":"2025-01-30T17:42:48","modified_gmt":"2025-01-30T22:42:48","slug":"carrieres","status":"publish","type":"page","link":"https:\/\/flyscan.com\/fr\/carrieres\/","title":{"rendered":"Carri\u00e8res"},"content":{"rendered":"","protected":false},"excerpt":{"rendered":"","protected":false},"author":6,"featured_media":0,"parent":0,"menu_order":8,"comment_status":"closed","ping_status":"closed","template":"page-templates\/builder.php","meta":{"_acf_changed":false,"_seopress_robots_primary_cat":"","_seopress_titles_title":"Carri\u00e8res | Flyscan | D\u00e9tection de fuites, menaces, g\u00e9orisques","_seopress_titles_desc":"D\u00e9couvre les avantages de travailler dans une \u00ab cleantech \u00bb : opportunit\u00e9s d'avancement, assurances collectives, salaire comp\u00e9titif et plus!","_seopress_robots_index":"","footnotes":""},"class_list":["post-911","page","type-page","status-publish","hentry"],"acf":[],"_links":{"self":[{"href":"https:\/\/flyscan.com\/fr\/wp-json\/wp\/v2\/pages\/911","targetHints":{"allow":["GET"]}}],"collection":[{"href":"https:\/\/flyscan.com\/fr\/wp-json\/wp\/v2\/pages"}],"about":[{"href":"https:\/\/flyscan.com\/fr\/wp-json\/wp\/v2\/types\/page"}],"author":[{"embeddable":true,"href":"https:\/\/flyscan.com\/fr\/wp-json\/wp\/v2\/users\/6"}],"replies":[{"embeddable":true,"href":"https:\/\/flyscan.com\/fr\/wp-json\/wp\/v2\/comments?post=911"}],"version-history":[{"count":11,"href":"https:\/\/flyscan.com\/fr\/wp-json\/wp\/v2\/pages\/911\/revisions"}],"predecessor-version":[{"id":1593,"href":"https:\/\/flyscan.com\/fr\/wp-json\/wp\/v2\/pages\/911\/revisions\/1593"}],"wp:attachment":[{"href":"https:\/\/flyscan.com\/fr\/wp-json\/wp\/v2\/media?parent=911"}],"curies":[{"name":"wp","href":"https:\/\/api.w.org\/{rel}","templated":true}]}}