{"id":906,"date":"2024-04-22T15:34:12","date_gmt":"2024-04-22T19:34:12","guid":{"rendered":"https:\/\/flyscan.com\/about\/"},"modified":"2025-11-17T17:57:07","modified_gmt":"2025-11-17T22:57:07","slug":"a-propos","status":"publish","type":"page","link":"https:\/\/flyscan.com\/fr\/a-propos\/","title":{"rendered":"\u00c0 propos"},"content":{"rendered":"","protected":false},"excerpt":{"rendered":"","protected":false},"author":6,"featured_media":0,"parent":0,"menu_order":5,"comment_status":"closed","ping_status":"closed","template":"page-templates\/builder.php","meta":{"_acf_changed":false,"_seopress_robots_primary_cat":"","_seopress_titles_title":"\u00c0 propos | Flyscan | D\u00e9tection de fuites, menaces, g\u00e9orisques","_seopress_titles_desc":"D\u00e9couvrez la vision et les valeurs qui feront de Flyscan un leader dans le march\u00e9 des infrastructures \u00e9nerg\u00e9tiques et des servitudes.","_seopress_robots_index":"","footnotes":""},"class_list":["post-906","page","type-page","status-publish","hentry"],"acf":[],"_links":{"self":[{"href":"https:\/\/flyscan.com\/fr\/wp-json\/wp\/v2\/pages\/906","targetHints":{"allow":["GET"]}}],"collection":[{"href":"https:\/\/flyscan.com\/fr\/wp-json\/wp\/v2\/pages"}],"about":[{"href":"https:\/\/flyscan.com\/fr\/wp-json\/wp\/v2\/types\/page"}],"author":[{"embeddable":true,"href":"https:\/\/flyscan.com\/fr\/wp-json\/wp\/v2\/users\/6"}],"replies":[{"embeddable":true,"href":"https:\/\/flyscan.com\/fr\/wp-json\/wp\/v2\/comments?post=906"}],"version-history":[{"count":27,"href":"https:\/\/flyscan.com\/fr\/wp-json\/wp\/v2\/pages\/906\/revisions"}],"predecessor-version":[{"id":1720,"href":"https:\/\/flyscan.com\/fr\/wp-json\/wp\/v2\/pages\/906\/revisions\/1720"}],"wp:attachment":[{"href":"https:\/\/flyscan.com\/fr\/wp-json\/wp\/v2\/media?parent=906"}],"curies":[{"name":"wp","href":"https:\/\/api.w.org\/{rel}","templated":true}]}}