{"id":905,"date":"2024-05-13T17:34:00","date_gmt":"2024-05-13T21:34:00","guid":{"rendered":"https:\/\/flyscan.com\/geospatial\/"},"modified":"2025-01-30T17:42:48","modified_gmt":"2025-01-30T22:42:48","slug":"geospatial","status":"publish","type":"page","link":"https:\/\/flyscan.com\/fr\/geospatial\/","title":{"rendered":"G\u00e9ospatial"},"content":{"rendered":"","protected":false},"excerpt":{"rendered":"","protected":false},"author":6,"featured_media":0,"parent":0,"menu_order":4,"comment_status":"closed","ping_status":"closed","template":"page-templates\/builder.php","meta":{"_acf_changed":false,"_seopress_robots_primary_cat":"","_seopress_titles_title":"G\u00e9ospatial | Flyscan | D\u00e9tection de fuites, menaces, g\u00e9orisques","_seopress_titles_desc":"R\u00e9colte de donn\u00e9es pour l'industrie \u00e9nerg\u00e9tique. B\u00e9n\u00e9ficiez d'informations cruciales, qui vous aident \u00e0 \u00e9conomiser et \u00e0 prendre les bonnes d\u00e9cisions.","_seopress_robots_index":"","footnotes":""},"class_list":["post-905","page","type-page","status-publish","hentry"],"acf":[],"_links":{"self":[{"href":"https:\/\/flyscan.com\/fr\/wp-json\/wp\/v2\/pages\/905","targetHints":{"allow":["GET"]}}],"collection":[{"href":"https:\/\/flyscan.com\/fr\/wp-json\/wp\/v2\/pages"}],"about":[{"href":"https:\/\/flyscan.com\/fr\/wp-json\/wp\/v2\/types\/page"}],"author":[{"embeddable":true,"href":"https:\/\/flyscan.com\/fr\/wp-json\/wp\/v2\/users\/6"}],"replies":[{"embeddable":true,"href":"https:\/\/flyscan.com\/fr\/wp-json\/wp\/v2\/comments?post=905"}],"version-history":[{"count":9,"href":"https:\/\/flyscan.com\/fr\/wp-json\/wp\/v2\/pages\/905\/revisions"}],"predecessor-version":[{"id":1515,"href":"https:\/\/flyscan.com\/fr\/wp-json\/wp\/v2\/pages\/905\/revisions\/1515"}],"wp:attachment":[{"href":"https:\/\/flyscan.com\/fr\/wp-json\/wp\/v2\/media?parent=905"}],"curies":[{"name":"wp","href":"https:\/\/api.w.org\/{rel}","templated":true}]}}