{"id":904,"date":"2024-04-22T15:33:48","date_gmt":"2024-04-22T19:33:48","guid":{"rendered":"https:\/\/flyscan.com\/geohazards\/"},"modified":"2025-01-30T17:42:48","modified_gmt":"2025-01-30T22:42:48","slug":"georisques","status":"publish","type":"page","link":"https:\/\/flyscan.com\/fr\/georisques\/","title":{"rendered":"G\u00e9orisques"},"content":{"rendered":"","protected":false},"excerpt":{"rendered":"","protected":false},"author":6,"featured_media":0,"parent":0,"menu_order":3,"comment_status":"closed","ping_status":"closed","template":"page-templates\/builder.php","meta":{"_acf_changed":false,"_seopress_robots_primary_cat":"","_seopress_titles_title":"G\u00e9orisques | Flyscan | Analyse des risques naturels","_seopress_titles_desc":"Prot\u00e9gez l'int\u00e9grit\u00e9 de vos pipelines avec notre technologie par photogramm\u00e9trie. Flyscan analyse les risques hydrotechniques, l'\u00e9rosion et plus!","_seopress_robots_index":"","footnotes":""},"class_list":["post-904","page","type-page","status-publish","hentry"],"acf":[],"_links":{"self":[{"href":"https:\/\/flyscan.com\/fr\/wp-json\/wp\/v2\/pages\/904","targetHints":{"allow":["GET"]}}],"collection":[{"href":"https:\/\/flyscan.com\/fr\/wp-json\/wp\/v2\/pages"}],"about":[{"href":"https:\/\/flyscan.com\/fr\/wp-json\/wp\/v2\/types\/page"}],"author":[{"embeddable":true,"href":"https:\/\/flyscan.com\/fr\/wp-json\/wp\/v2\/users\/6"}],"replies":[{"embeddable":true,"href":"https:\/\/flyscan.com\/fr\/wp-json\/wp\/v2\/comments?post=904"}],"version-history":[{"count":18,"href":"https:\/\/flyscan.com\/fr\/wp-json\/wp\/v2\/pages\/904\/revisions"}],"predecessor-version":[{"id":1396,"href":"https:\/\/flyscan.com\/fr\/wp-json\/wp\/v2\/pages\/904\/revisions\/1396"}],"wp:attachment":[{"href":"https:\/\/flyscan.com\/fr\/wp-json\/wp\/v2\/media?parent=904"}],"curies":[{"name":"wp","href":"https:\/\/api.w.org\/{rel}","templated":true}]}}